{"id":77,"date":"2016-03-16T09:05:52","date_gmt":"2016-03-16T14:05:52","guid":{"rendered":"http:\/\/www.familiassolidas.com\/site\/?page_id=77"},"modified":"2023-11-02T09:25:21","modified_gmt":"2023-11-02T14:25:21","slug":"podcast","status":"publish","type":"page","link":"https:\/\/www.familiassolidas.com\/site\/podcast","title":{"rendered":"Podcast"},"content":{"rendered":"<p>Cada d\u00eda usted puede emprender una jornada victoriosa escuchando los episodios del\u00a0<strong>Programa \u201cVida Familiar\u201d<\/strong>\u00a0con el realizador cristiano,\u00a0<strong>Fernando Alexis Jim\u00e9nez.<\/strong> Nuestro prop\u00f3sito es generar un espacio para experimentar crecimiento en la relaci\u00f3n con Dios, con el c\u00f3nyuge y con los hijos.<\/p>\n<p>Nuestras emisiones de podcasting abordan diversas tem\u00e1ticas.\u00a0 Si tiene alguna inquietud o sugerencia, no dude en escribirnos a<strong> contacto@familiassolidas.com<\/strong> Es muy sencillo, con un simple Clic.<\/p>\n<p>&nbsp;<\/p>\n<p>Le invitamos a escuchar el\u00a0<strong>Devocional Vida Familiar<\/strong>\u00a0de hoy en la plataforma de<strong>\u00a0Spotify<\/strong><\/p>\n<p><iframe loading=\"lazy\" title=\"Spotify Embed: Ministerios Vida Familiar \" src=\"https:\/\/open.spotify.com\/embed\/show\/1eHrEl6ATVrpilrVPVme5l?utm_source=oembed\" width=\"100%\" height=\"152\" frameborder=\"0\" allowfullscreen=\"allowfullscreen\" data-mce-fragment=\"1\"><\/iframe><\/p>\n<p><iframe loading=\"lazy\" title=\"Spotify Embed: Edificando Familias S\u00f3lidas \" src=\"https:\/\/open.spotify.com\/embed\/show\/78OSWk10OqOEYbrA2bR7Si?utm_source=oembed\" width=\"100%\" height=\"152\" frameborder=\"0\" allowfullscreen=\"allowfullscreen\" data-mce-fragment=\"1\"><\/iframe><\/p>\n<p>A continuaci\u00f3n todos nuestros episodios en la plataforma\u00a0<strong>SoundCloud<\/strong><\/p>\n<p><iframe loading=\"lazy\" title=\"MensajerodelaPalabra.Com\" src=\"https:\/\/w.soundcloud.com\/player\/?visual=true&amp;url=https%3A%2F%2Fapi.soundcloud.com%2Fusers%2F317794194&amp;show_artwork=true&amp;maxheight=960&amp;maxwidth=640\" width=\"640\" height=\"450\" frameborder=\"no\" scrolling=\"no\" data-mce-fragment=\"1\"><\/iframe><\/p>\n<p><iframe loading=\"lazy\" title=\"Radio Bendiciones\" src=\"https:\/\/w.soundcloud.com\/player\/?visual=true&amp;url=https%3A%2F%2Fapi.soundcloud.com%2Fusers%2F839402416&amp;show_artwork=true&amp;maxheight=960&amp;maxwidth=640\" width=\"640\" height=\"450\" frameborder=\"no\" scrolling=\"no\" data-mce-fragment=\"1\"><\/iframe><\/p>\n<p><iframe loading=\"lazy\" title=\"Devocionales &quot;Caminando con Dios&quot;\" src=\"https:\/\/w.soundcloud.com\/player\/?visual=true&amp;url=https%3A%2F%2Fapi.soundcloud.com%2Fusers%2F352329284&amp;show_artwork=true&amp;maxheight=960&amp;maxwidth=640\" width=\"640\" height=\"450\" frameborder=\"no\" scrolling=\"no\" data-mce-fragment=\"1\"><\/iframe><\/p>\n<p>&nbsp;<\/p>\n","protected":false},"excerpt":{"rendered":"<p>Cada d\u00eda usted puede emprender una jornada victoriosa escuchando los episodios del\u00a0Programa \u201cVida Familiar\u201d\u00a0con el realizador cristiano,\u00a0Fernando Alexis Jim\u00e9nez. Nuestro prop\u00f3sito es generar un espacio para experimentar crecimiento en la relaci\u00f3n con Dios, con el c\u00f3nyuge y con los hijos. Nuestras emisiones de podcasting abordan diversas tem\u00e1ticas.\u00a0 Si tiene alguna inquietud o sugerencia, no dude&#8230;<\/p>\n","protected":false},"author":2,"featured_media":1526,"parent":0,"menu_order":0,"comment_status":"closed","ping_status":"closed","template":"","meta":{"_kadence_starter_templates_imported_post":false,"footnotes":""},"class_list":["post-77","page","type-page","status-publish","has-post-thumbnail","hentry"],"_links":{"self":[{"href":"https:\/\/www.familiassolidas.com\/site\/wp-json\/wp\/v2\/pages\/77","targetHints":{"allow":["GET"]}}],"collection":[{"href":"https:\/\/www.familiassolidas.com\/site\/wp-json\/wp\/v2\/pages"}],"about":[{"href":"https:\/\/www.familiassolidas.com\/site\/wp-json\/wp\/v2\/types\/page"}],"author":[{"embeddable":true,"href":"https:\/\/www.familiassolidas.com\/site\/wp-json\/wp\/v2\/users\/2"}],"replies":[{"embeddable":true,"href":"https:\/\/www.familiassolidas.com\/site\/wp-json\/wp\/v2\/comments?post=77"}],"version-history":[{"count":0,"href":"https:\/\/www.familiassolidas.com\/site\/wp-json\/wp\/v2\/pages\/77\/revisions"}],"wp:featuredmedia":[{"embeddable":true,"href":"https:\/\/www.familiassolidas.com\/site\/wp-json\/wp\/v2\/media\/1526"}],"wp:attachment":[{"href":"https:\/\/www.familiassolidas.com\/site\/wp-json\/wp\/v2\/media?parent=77"}],"curies":[{"name":"wp","href":"https:\/\/api.w.org\/{rel}","templated":true}]}}