{"id":677,"date":"2022-10-13T20:40:33","date_gmt":"2022-10-14T01:40:33","guid":{"rendered":"https:\/\/www.familiassolidas.com\/site\/?page_id=677"},"modified":"2023-04-09T11:56:23","modified_gmt":"2023-04-09T16:56:23","slug":"radio-vida-familiar","status":"publish","type":"page","link":"https:\/\/www.familiassolidas.com\/site\/radio-vida-familiar","title":{"rendered":"Radio Vida Familiar"},"content":{"rendered":"<p>Los realizadores de <strong>Familias S\u00f3lidas<\/strong>\u00a0ponemos a su disposici\u00f3n las emisiones de\u00a0<strong>Radio Vida Familiar<\/strong>:<\/p>\n<div class=\"entry-content\">\n<ul>\n<li>M\u00fasica cristiana seleccionada<\/li>\n<li>Podcast<\/li>\n<li>Micro-programas con enfoque evangel\u00edstico<\/li>\n<li>Consejos para la familia<\/li>\n<\/ul>\n<p><span style=\"color: #000000;\">S\u00edganos en las Redes Sociales <strong>@VidaFamiliarCo<\/strong><\/span><\/p>\n<ul>\n<li><strong><a href=\"https:\/\/www.facebook.com\/radiovidafamiliar\" target=\"_blank\" rel=\"noopener\">Facebook<\/a><\/strong><\/li>\n<li><strong><a href=\"https:\/\/twitter.com\/rvidafamiliar\" target=\"_blank\" rel=\"noopener\">Twitter<\/a><\/strong><\/li>\n<li><strong><a href=\"https:\/\/instagram.com\/vidafamiliarco\" target=\"_blank\" rel=\"noopener\">Instagram<\/a><\/strong><\/li>\n<\/ul>\n<p><span style=\"color: #000000;\">Escr\u00edbanos a<\/span><strong> <a href=\"mailto:radiovidafamiliar@familiassolidas.com\">radiovidafamiliar@familiassolidas.com<\/a><\/strong><\/p>\n<\/div>\n<audio class=\"wp-audio-shortcode\" id=\"audio-677-1\" autoplay preload=\"none\" style=\"width: 100%;\" controls=\"controls\"><source type=\"audio\/mpeg\" src=\"http:\/\/stream.zeno.fm\/b4g87yued18uv.mp3?_=1\" \/><a href=\"http:\/\/stream.zeno.fm\/b4g87yued18uv.mp3\">http:\/\/stream.zeno.fm\/b4g87yued18uv.mp3<\/a><\/audio>\n<p><iframe loading=\"lazy\" src=\"https:\/\/zeno.fm\/player\/vidafamiliar\" width=\"800\" height=\"320\" frameborder=\"0\" scrolling=\"no\"><\/iframe><\/p>\n<p><span style=\"color: #000000;\">Visite la Website de <strong>Radio Vida Familiar<\/strong><\/span> &gt;&gt; <a href=\"https:\/\/radiovidafamiliar.com\" target=\"_blank\" rel=\"noopener\"><strong>www.RadioVidaFamiliar.Com<\/strong><\/a><\/p>\n","protected":false},"excerpt":{"rendered":"<p>Los realizadores de Familias S\u00f3lidas\u00a0ponemos a su disposici\u00f3n las emisiones de\u00a0Radio Vida Familiar: M\u00fasica cristiana seleccionada Podcast Micro-programas con enfoque evangel\u00edstico Consejos para la familia S\u00edganos en las Redes Sociales @VidaFamiliarCo Facebook Twitter Instagram Escr\u00edbanos a radiovidafamiliar@familiassolidas.com Visite la Website de Radio Vida Familiar &gt;&gt; www.RadioVidaFamiliar.Com<\/p>\n","protected":false},"author":2,"featured_media":877,"parent":0,"menu_order":0,"comment_status":"closed","ping_status":"closed","template":"","meta":{"_kadence_starter_templates_imported_post":false,"footnotes":""},"class_list":["post-677","page","type-page","status-publish","has-post-thumbnail","hentry"],"_links":{"self":[{"href":"https:\/\/www.familiassolidas.com\/site\/wp-json\/wp\/v2\/pages\/677","targetHints":{"allow":["GET"]}}],"collection":[{"href":"https:\/\/www.familiassolidas.com\/site\/wp-json\/wp\/v2\/pages"}],"about":[{"href":"https:\/\/www.familiassolidas.com\/site\/wp-json\/wp\/v2\/types\/page"}],"author":[{"embeddable":true,"href":"https:\/\/www.familiassolidas.com\/site\/wp-json\/wp\/v2\/users\/2"}],"replies":[{"embeddable":true,"href":"https:\/\/www.familiassolidas.com\/site\/wp-json\/wp\/v2\/comments?post=677"}],"version-history":[{"count":0,"href":"https:\/\/www.familiassolidas.com\/site\/wp-json\/wp\/v2\/pages\/677\/revisions"}],"wp:featuredmedia":[{"embeddable":true,"href":"https:\/\/www.familiassolidas.com\/site\/wp-json\/wp\/v2\/media\/877"}],"wp:attachment":[{"href":"https:\/\/www.familiassolidas.com\/site\/wp-json\/wp\/v2\/media?parent=677"}],"curies":[{"name":"wp","href":"https:\/\/api.w.org\/{rel}","templated":true}]}}