{"id":403,"date":"2018-06-13T15:41:32","date_gmt":"2018-06-13T20:41:32","guid":{"rendered":"http:\/\/www.familiassolidas.com\/site\/?page_id=403"},"modified":"2018-06-13T15:46:35","modified_gmt":"2018-06-13T20:46:35","slug":"recursos","status":"publish","type":"page","link":"https:\/\/www.familiassolidas.com\/site\/recursos","title":{"rendered":"Recursos"},"content":{"rendered":"<p><img loading=\"lazy\" decoding=\"async\" class=\"size-full wp-image-404 alignright\" src=\"http:\/\/www.familiassolidas.com\/site\/wp-content\/uploads\/iglesia.jpg\" alt=\"\" width=\"480\" height=\"468\" srcset=\"https:\/\/www.familiassolidas.com\/site\/wp-content\/uploads\/iglesia.jpg 480w, https:\/\/www.familiassolidas.com\/site\/wp-content\/uploads\/iglesia-300x293.jpg 300w\" sizes=\"auto, (max-width: 480px) 100vw, 480px\" \/><\/p>\n<p>Bienvenido a la Secci\u00f3n de <em>Recursos<\/em> que ofrece la <strong>Misi\u00f3n Edificando Familias S\u00f3lidas<\/strong> \u00a0a todos los miembros de las congregaciones en Colombia, pero que a su vez, est\u00e1n disponibles para quienes, perteneciendo a otras denominaciones, encuentren que el material puede serles \u00fatil.<\/p>\n<p>Como entidad eclesial, nos esforzamos por trabajar en la estructuraci\u00f3n de materiales edificantes que contribuyan a la formaci\u00f3n de cristianos con s\u00f3lidos principios, as\u00ed como de l\u00edderes que asuman con altos est\u00e1ndares de calidad su compromiso en la extensi\u00f3n del Reino de Dios.<\/p>\n<p>Nos hemos fijado la meta de publicar contenidos con cierta periodicidad, as\u00ed es que puede visitarnos con la certeza de que siempre encontrar\u00e1 algo nuevo.<\/p>\n<p>Aspiramos, con ayuda del Se\u00f1or Jesucristo, a\u00f1adir contenidos que colmen sus expectativas.<\/p>\n","protected":false},"excerpt":{"rendered":"<p>Bienvenido a la Secci\u00f3n de Recursos que ofrece la Misi\u00f3n Edificando Familias S\u00f3lidas \u00a0a todos los miembros de las congregaciones en Colombia, pero que a su vez, est\u00e1n disponibles para quienes, perteneciendo a otras denominaciones, encuentren que el material puede serles \u00fatil. Como entidad eclesial, nos esforzamos por trabajar en la estructuraci\u00f3n de materiales edificantes&#8230;<\/p>\n","protected":false},"author":2,"featured_media":404,"parent":0,"menu_order":0,"comment_status":"closed","ping_status":"closed","template":"","meta":{"_kadence_starter_templates_imported_post":false,"footnotes":""},"class_list":["post-403","page","type-page","status-publish","has-post-thumbnail","hentry"],"_links":{"self":[{"href":"https:\/\/www.familiassolidas.com\/site\/wp-json\/wp\/v2\/pages\/403","targetHints":{"allow":["GET"]}}],"collection":[{"href":"https:\/\/www.familiassolidas.com\/site\/wp-json\/wp\/v2\/pages"}],"about":[{"href":"https:\/\/www.familiassolidas.com\/site\/wp-json\/wp\/v2\/types\/page"}],"author":[{"embeddable":true,"href":"https:\/\/www.familiassolidas.com\/site\/wp-json\/wp\/v2\/users\/2"}],"replies":[{"embeddable":true,"href":"https:\/\/www.familiassolidas.com\/site\/wp-json\/wp\/v2\/comments?post=403"}],"version-history":[{"count":0,"href":"https:\/\/www.familiassolidas.com\/site\/wp-json\/wp\/v2\/pages\/403\/revisions"}],"wp:featuredmedia":[{"embeddable":true,"href":"https:\/\/www.familiassolidas.com\/site\/wp-json\/wp\/v2\/media\/404"}],"wp:attachment":[{"href":"https:\/\/www.familiassolidas.com\/site\/wp-json\/wp\/v2\/media?parent=403"}],"curies":[{"name":"wp","href":"https:\/\/api.w.org\/{rel}","templated":true}]}}